{"id":98,"date":"2025-08-15T03:49:11","date_gmt":"2025-08-15T03:49:11","guid":{"rendered":"https:\/\/seccionalmallinbertrand.cl\/?page_id=98"},"modified":"2026-05-08T18:53:27","modified_gmt":"2026-05-08T18:53:27","slug":"consulta-publica-de-la-imagen-objetivo","status":"publish","type":"page","link":"https:\/\/seccionalmallinbertrand.cl\/?page_id=98","title":{"rendered":"Imagen Objetivo"},"content":{"rendered":"\n<p>En esta p\u00e1gina podr\u00e1s informarte del proceso de consulta p\u00fablica de la Imagen Objetivo del Plan Seccional, que busca generar lineamientos de planificaci\u00f3n iniciales para las localidades de Mall\u00edn Grande y Puerto Bertrand. Te invitamos a informarte y participar en esta instancia relevante para el desarrollo del Plan Seccional.<\/p>\n\n\n\n<details class=\"wp-block-details is-layout-flow wp-block-details-is-layout-flow\"><summary><strong>\u00bfQu\u00e9 es la Imagen Objetivo?<\/strong><\/summary>\n<hr class=\"wp-block-separator has-alpha-channel-opacity\"\/>\n\n\n\n<p>La Imagen Objetivo es un desarrollo esquem\u00e1tico de ordenamiento urbano que busca consensuar elementos b\u00e1sicos del Plan Seccional, entre ellos, establecer el l\u00edmite urbano para el crecimiento urbano, definici\u00f3n de esquemas generales de circulaci\u00f3n y vocaciones e intensidades de usos de suelos por sector, considerando \u00e1reas de vocaci\u00f3n residencial, centralidades, \u00e1reas productivas y de protecci\u00f3n ambiental, entre otras.&nbsp;<\/p>\n<\/details>\n\n\n\n<hr class=\"wp-block-separator has-alpha-channel-opacity is-style-wide\"\/>\n\n\n\n<h2 class=\"wp-block-heading has-text-align-center\"><mark style=\"background-color:rgba(0, 0, 0, 0)\" class=\"has-inline-color has-black-color\">Descarga los contenidos de la Imagen Objetivo<\/mark><\/h2>\n\n\n\n<h3 class=\"wp-block-heading has-text-align-center\">Informe de S\u00edntesis de Observaciones <\/h3>\n\n\n\n<p>El informe de s\u00edntesis de observaciones presenta resume las observaciones recepcionadas por los diferentes medios de participaci\u00f3n habilitados en el transcurso de la Consulta P\u00fablica de la Imagen Objetivo del Plan Seccional Mall\u00edn Grande &#8211; Puerto Bertrand. En este informe se rescatan las principales tem\u00e1ticas, se agrupan las observaciones y se presentan respuestas a las mismas en atenci\u00f3n al objetivo del IPT y a consideraciones legales y t\u00e9cnicas.<\/p>\n\n\n<a href=\"https:\/\/seccionalmallinbertrand.cl\/wp-content\/uploads\/2026\/03\/260121_Informe_Observaciones_IO_PSMBGB.pdf\" class=\"pdfemb-viewer\" style=\"\" data-width=\"max\" data-height=\"max\" data-toolbar=\"bottom\" data-toolbar-fixed=\"on\">260121_Informe_Observaciones_IO_PSMBGB<\/a>\n\n\n<p>Acuerdo Imagen Objetivo &#8211; Mall\u00edn Grande<\/p>\n\n\n<a href=\"https:\/\/seccionalmallinbertrand.cl\/wp-content\/uploads\/2026\/05\/Acuerdo_307_Mallin_Grande.pdf\" class=\"pdfemb-viewer\" style=\"\" data-width=\"max\" data-height=\"max\" data-toolbar=\"bottom\" data-toolbar-fixed=\"on\">Acuerdo_307_Mallin_Grande<\/a>\n\n\n<p>Acuerdo Imagen Objetivo Puerto Bertrand<\/p>\n\n\n<a href=\"https:\/\/seccionalmallinbertrand.cl\/wp-content\/uploads\/2026\/05\/Acuerdo_308_Puerto_Bertrand.pdf\" class=\"pdfemb-viewer\" style=\"\" data-width=\"max\" data-height=\"max\" data-toolbar=\"bottom\" data-toolbar-fixed=\"on\">Acuerdo_308_Puerto_Bertrand<\/a>\n\n\n<p><\/p>\n\n\n\n<hr class=\"wp-block-separator has-alpha-channel-opacity\"\/>\n\n\n\n<p><\/p>\n\n\n\n<!--more-->\n\n\n\n<h3 class=\"wp-block-heading has-text-align-center\">Contenidos Subetapa Formulaci\u00f3n Imagen Objetivo<\/h3>\n\n\n\n<p><\/p>\n\n\n\n<div class=\"wp-block-buttons is-content-justification-center is-layout-flex wp-container-core-buttons-is-layout-a89b3969 wp-block-buttons-is-layout-flex\">\n<div class=\"wp-block-button\"><a class=\"wp-block-button__link wp-element-button\" href=\"https:\/\/seccionalmallinbertrand.cl\/wp-content\/uploads\/2025\/08\/2506_Resumen_Ejecutivo_PSMGPB.pdf\">Resumen Ejecutivo de la Imagen Objetivo<\/a><\/div>\n<\/div>\n\n\n\n<hr class=\"wp-block-separator has-alpha-channel-opacity is-style-dots\"\/>\n\n\n\n<div class=\"wp-block-buttons is-content-justification-center is-layout-flex wp-container-core-buttons-is-layout-a89b3969 wp-block-buttons-is-layout-flex\">\n<div class=\"wp-block-button\"><a class=\"wp-block-button__link wp-element-button\" href=\"https:\/\/seccionalmallinbertrand.cl\/wp-content\/uploads\/2025\/08\/2506_Evaluacion_Ambiental_Alternativas_PSMGPB.pdf\">Evaluaci\u00f3n Ambiental de las Alternativas de Estructuraci\u00f3n<\/a><\/div>\n<\/div>\n\n\n\n<div style=\"height:16px\" aria-hidden=\"true\" class=\"wp-block-spacer\"><\/div>\n\n\n\n<div class=\"wp-block-buttons is-content-justification-center is-layout-flex wp-container-core-buttons-is-layout-a89b3969 wp-block-buttons-is-layout-flex\">\n<div class=\"wp-block-button is-style-outline is-style-outline--1\"><a class=\"wp-block-button__link has-text-align-center wp-element-button\" href=\"https:\/\/seccionalmallinbertrand.cl\/wp-content\/uploads\/2025\/10\/250810_Lamina_Explicativa_PS-01_1_LR.pdf\">L\u00e1mina Explicativa Mall\u00edn Grande <\/a><\/div>\n\n\n\n<div class=\"wp-block-button is-style-outline is-style-outline--2\"><a class=\"wp-block-button__link wp-element-button\" href=\"https:\/\/seccionalmallinbertrand.cl\/wp-content\/uploads\/2025\/10\/250810_Lamina_Explicativa_PS-02_1_LR.pdf\">L\u00e1mina Explicativa Puerto Bertrand<\/a><\/div>\n<\/div>\n\n\n\n<hr class=\"wp-block-separator has-alpha-channel-opacity is-style-dots\"\/>\n\n\n\n<div class=\"wp-block-buttons is-content-justification-center is-layout-flex wp-container-core-buttons-is-layout-a89b3969 wp-block-buttons-is-layout-flex\">\n<div class=\"wp-block-button\"><a class=\"wp-block-button__link wp-element-button\" href=\"https:\/\/seccionalmallinbertrand.cl\/wp-content\/uploads\/2025\/08\/Plano_IO_PS_Mallin_Grande.pdf\">Planos Mall\u00edn Grande<\/a><\/div>\n<\/div>\n\n\n\n<hr class=\"wp-block-separator has-alpha-channel-opacity is-style-dots\"\/>\n\n\n\n<div class=\"wp-block-buttons is-content-justification-center is-layout-flex wp-container-core-buttons-is-layout-a89b3969 wp-block-buttons-is-layout-flex\">\n<div class=\"wp-block-button\"><a class=\"wp-block-button__link wp-element-button\" href=\"https:\/\/seccionalmallinbertrand.cl\/wp-content\/uploads\/2025\/08\/Plano_IO_PS_Bertrand.pdf\">Planos Puerto Bertrand<\/a><\/div>\n<\/div>\n\n\n\n<hr class=\"wp-block-separator has-alpha-channel-opacity is-style-wide\"\/>\n\n\n\n<p><\/p>\n","protected":false},"excerpt":{"rendered":"<p>En esta p\u00e1gina podr\u00e1s informarte del proceso de consulta p\u00fablica de la Imagen Objetivo del Plan Seccional, que busca generar lineamientos de planificaci\u00f3n iniciales para las localidades de Mall\u00edn Grande y Puerto Bertrand. Te invitamos a informarte y participar en<\/p>\n","protected":false},"author":1,"featured_media":0,"parent":0,"menu_order":0,"comment_status":"closed","ping_status":"closed","template":"","meta":{"footnotes":""},"class_list":["post-98","page","type-page","status-publish","hentry"],"_links":{"self":[{"href":"https:\/\/seccionalmallinbertrand.cl\/index.php?rest_route=\/wp\/v2\/pages\/98","targetHints":{"allow":["GET"]}}],"collection":[{"href":"https:\/\/seccionalmallinbertrand.cl\/index.php?rest_route=\/wp\/v2\/pages"}],"about":[{"href":"https:\/\/seccionalmallinbertrand.cl\/index.php?rest_route=\/wp\/v2\/types\/page"}],"author":[{"embeddable":true,"href":"https:\/\/seccionalmallinbertrand.cl\/index.php?rest_route=\/wp\/v2\/users\/1"}],"replies":[{"embeddable":true,"href":"https:\/\/seccionalmallinbertrand.cl\/index.php?rest_route=%2Fwp%2Fv2%2Fcomments&post=98"}],"version-history":[{"count":34,"href":"https:\/\/seccionalmallinbertrand.cl\/index.php?rest_route=\/wp\/v2\/pages\/98\/revisions"}],"predecessor-version":[{"id":204,"href":"https:\/\/seccionalmallinbertrand.cl\/index.php?rest_route=\/wp\/v2\/pages\/98\/revisions\/204"}],"wp:attachment":[{"href":"https:\/\/seccionalmallinbertrand.cl\/index.php?rest_route=%2Fwp%2Fv2%2Fmedia&parent=98"}],"curies":[{"name":"wp","href":"https:\/\/api.w.org\/{rel}","templated":true}]}}