{"id":46,"date":"2025-04-12T13:38:53","date_gmt":"2025-04-12T13:38:53","guid":{"rendered":"https:\/\/seccionalmallinbertrand.cl\/?page_id=46"},"modified":"2026-05-11T16:16:57","modified_gmt":"2026-05-11T16:16:57","slug":"documentacion","status":"publish","type":"page","link":"https:\/\/seccionalmallinbertrand.cl\/?page_id=46","title":{"rendered":"Documentaci\u00f3n"},"content":{"rendered":"\n<p>En esta p\u00e1gina podr\u00e1s descargar informaci\u00f3n actualizada de acuerdo al nivel de avance del proceso de elaboraci\u00f3n del Plan Seccional. Cada titulo es un link desde el cual podr\u00e1s descargar los documentos.<\/p>\n\n\n\n<h3 class=\"wp-block-heading\"><strong>1. Etapa de Diagn\u00f3stico<\/strong> <\/h3>\n\n\n\n<ul class=\"wp-block-list\">\n<li><a href=\"https:\/\/drive.google.com\/file\/d\/1LQDlyCfw-q3U4YxCxJI-gMenmVaZ1R7n\/view?usp=drive_link\" data-type=\"link\" data-id=\"https:\/\/drive.google.com\/file\/d\/1LQDlyCfw-q3U4YxCxJI-gMenmVaZ1R7n\/view?usp=drive_link\">1.1. Informe Diagn\u00f3stico Integrado<\/a><\/li>\n\n\n\n<li><a href=\"https:\/\/drive.google.com\/file\/d\/1I5IVfMLJt2-a3GaWQbk5nAoN97niKfSl\/view?usp=drive_link\" data-type=\"link\" data-id=\"https:\/\/drive.google.com\/file\/d\/1I5IVfMLJt2-a3GaWQbk5nAoN97niKfSl\/view?usp=drive_link\">1.2. Informe Diagn\u00f3stico Ambiental<\/a><\/li>\n\n\n\n<li><a href=\"https:\/\/drive.google.com\/file\/d\/1NPtzbhXXiTTLn5K8rHSRnwc7P6JW9PCj\/view?usp=sharing\">1.3. Informe Participaci\u00f3n Ciudadana<\/a><\/li>\n\n\n\n<li><a href=\"https:\/\/drive.google.com\/file\/d\/1E2Ju23PqIzhRx8yC8UetyifHGF_4oa_a\/view?usp=sharing\">1.4. Informe Diagn\u00f3stico Estudio de Factibilidad Sanitaria<\/a><\/li>\n\n\n\n<li><a href=\"https:\/\/drive.google.com\/file\/d\/1dhXtyV5cFmABy-OtqxMZYj348_ktxYc9\/view?usp=sharing\">1.5. Informe Estudio de Riesgos<\/a><\/li>\n\n\n\n<li>1.6. Oficio de Inicio EAE<\/li>\n\n\n\n<li><a href=\"https:\/\/seccionalmallinbertrand.cl\/wp-content\/uploads\/2025\/10\/CVE-2591467-1.pdf\">1.7. Publicaci\u00f3n en D.O.<\/a><\/li>\n\n\n\n<li><\/li>\n<\/ul>\n\n\n\n<h3 class=\"wp-block-heading has-medium-font-size\"><strong><strong>2. Etapa de Imagen Objetivo<\/strong><\/strong><\/h3>\n\n\n\n<ul class=\"wp-block-list\">\n<li><a href=\"https:\/\/seccionalmallinbertrand.cl\/wp-content\/uploads\/2025\/08\/2506_Resumen_Ejecutivo_PSMGPB.pdf\">2.1. Resumen Ejecutivo <\/a><\/li>\n\n\n\n<li><a href=\"https:\/\/seccionalmallinbertrand.cl\/wp-content\/uploads\/2025\/08\/2506_Evaluacion_Ambiental_Alternativas_PSMGPB.pdf\">2.2. Evaluaci\u00f3n Ambiental de las Alternativas<\/a><\/li>\n\n\n\n<li><a href=\"https:\/\/seccionalmallinbertrand.cl\/wp-content\/uploads\/2025\/08\/Plano_IO_PS_Mallin_Grande.pdf\">2.3. Planos Alternativas &#8211; Mall\u00edn Grande<\/a><\/li>\n\n\n\n<li><a href=\"https:\/\/seccionalmallinbertrand.cl\/wp-content\/uploads\/2025\/08\/Plano_IO_PS_Bertrand.pdf\">2.4. Planos Alternativas  &#8211;  Puerto Bertrand<\/a><\/li>\n\n\n\n<li><a href=\"https:\/\/seccionalmallinbertrand.cl\/wp-content\/uploads\/2025\/10\/250810_Lamina_Explicativa_PS-01_1_LR.pdf\">2.5. L\u00e1mina Explicativa Mall\u00edn Grande<\/a><\/li>\n\n\n\n<li><a href=\"https:\/\/seccionalmallinbertrand.cl\/wp-content\/uploads\/2025\/10\/250810_Lamina_Explicativa_PS-02_1_LR.pdf\">2.6. L\u00e1mina Explicativa Puerto Bertrand<\/a><\/li>\n\n\n\n<li><a href=\"https:\/\/seccionalmallinbertrand.cl\/wp-content\/uploads\/2026\/03\/260121_Informe_Observaciones_IO_PSMBGB.pdf\">2.7. Informe de S\u00edntesis de Observaciones<\/a><\/li>\n\n\n\n<li><a href=\"https:\/\/seccionalmallinbertrand.cl\/wp-content\/uploads\/2026\/05\/Acuerdo_307_Mallin_Grande.pdf\">2.8. Acuerdo Concejo &#8211; Mall\u00edn Grande<\/a><\/li>\n\n\n\n<li><a href=\"https:\/\/seccionalmallinbertrand.cl\/wp-content\/uploads\/2026\/05\/Acuerdo_308_Puerto_Bertrand.pdf\">2.9. Acuerdo Concejo &#8211; Puerto Bertrand<\/a><\/li>\n<\/ul>\n\n\n\n<h3 class=\"wp-block-heading\"><strong>3. Etapa de Anteproyecto<\/strong><\/h3>\n\n\n\n<p>Etapa en Desarrollo<\/p>\n\n\n\n<p><\/p>\n\n\n\n<h3 class=\"wp-block-heading\"><strong>4. Etapa de Aprobaci\u00f3n<\/strong><\/h3>\n\n\n\n<p>Pr\u00f3ximamente<\/p>\n\n\n\n<p><\/p>\n","protected":false},"excerpt":{"rendered":"<p>En esta p\u00e1gina podr\u00e1s descargar informaci\u00f3n actualizada de acuerdo al nivel de avance del proceso de elaboraci\u00f3n del Plan Seccional. Cada titulo es un link desde el cual podr\u00e1s descargar los documentos. 1. Etapa de Diagn\u00f3stico 2. Etapa de Imagen<\/p>\n","protected":false},"author":1,"featured_media":0,"parent":0,"menu_order":0,"comment_status":"closed","ping_status":"closed","template":"","meta":{"footnotes":""},"class_list":["post-46","page","type-page","status-publish","hentry"],"_links":{"self":[{"href":"https:\/\/seccionalmallinbertrand.cl\/index.php?rest_route=\/wp\/v2\/pages\/46","targetHints":{"allow":["GET"]}}],"collection":[{"href":"https:\/\/seccionalmallinbertrand.cl\/index.php?rest_route=\/wp\/v2\/pages"}],"about":[{"href":"https:\/\/seccionalmallinbertrand.cl\/index.php?rest_route=\/wp\/v2\/types\/page"}],"author":[{"embeddable":true,"href":"https:\/\/seccionalmallinbertrand.cl\/index.php?rest_route=\/wp\/v2\/users\/1"}],"replies":[{"embeddable":true,"href":"https:\/\/seccionalmallinbertrand.cl\/index.php?rest_route=%2Fwp%2Fv2%2Fcomments&post=46"}],"version-history":[{"count":18,"href":"https:\/\/seccionalmallinbertrand.cl\/index.php?rest_route=\/wp\/v2\/pages\/46\/revisions"}],"predecessor-version":[{"id":209,"href":"https:\/\/seccionalmallinbertrand.cl\/index.php?rest_route=\/wp\/v2\/pages\/46\/revisions\/209"}],"wp:attachment":[{"href":"https:\/\/seccionalmallinbertrand.cl\/index.php?rest_route=%2Fwp%2Fv2%2Fmedia&parent=46"}],"curies":[{"name":"wp","href":"https:\/\/api.w.org\/{rel}","templated":true}]}}